{"id":23,"date":"2026-02-15T12:17:21","date_gmt":"2026-02-15T12:17:21","guid":{"rendered":"https:\/\/studiodrums.ch\/?page_id=23"},"modified":"2026-02-15T12:33:47","modified_gmt":"2026-02-15T12:33:47","slug":"aboutme","status":"publish","type":"page","link":"https:\/\/studiodrums.ch\/?page_id=23","title":{"rendered":"\u00dcber mich"},"content":{"rendered":"\n<p>Ich bin\u00a0<strong>Max Diggelmann<\/strong>, geboren am 7. Oktober 1966 in Basel. Die Musik begleitet mich, seit ich denken kann. Schon als kleiner Junge wusste ich, dass ich Schlagzeug spielen wollte.<\/p>\n\n\n\n<p>Mein Vater war ein bekannter Musiker und Gr\u00fcnder der Band Baranovas. Als Kind war ich regelm\u00e4ssig bei seinen Auftritten dabei und durfte die Welt der B\u00fchne und der Livemusik aus n\u00e4chster N\u00e4he erleben. Schlagzeugunterricht erhielt ich damals jedoch keinen.<\/p>\n\n\n\n<p>Also begann ich auf meine eigene Art. Zuhause baute ich mir aus Pfannendeckeln und Kochl\u00f6ffeln mein erstes Schlagzeug zusammen und spielte zu allem, was ich h\u00f6ren konnte. Sp\u00e4ter wurde ich Tambour bei der Fasnacht und sammelte dort meine ersten pr\u00e4genden rhythmischen Erfahrungen.<\/p>\n\n\n\n<p>Irgendwann schmuggelte ich ein altes Schlagzeug, das ich mir von einem Schulkameraden ausgeliehen hatte, heimlich in die Werkstatt meines Vaters. Dort begann ich intensiv zu \u00fcben. Von diesem Moment an war klar, dass das Schlagzeug mein Instrument ist.<\/p>\n\n\n\n<p>Meine musikalische Ausbildung erhielt ich \u00fcber viele Jahre bei Cosimo Lampis, ehemaliger Schlagzeuger der Band Toad. Diese Zeit legte das Fundament f\u00fcr mein technisches K\u00f6nnen und mein musikalisches Verst\u00e4ndnis.<\/p>\n\n\n\n<p>Heute blicke ich auf \u00fcber vierzig Jahre Live und Studioerfahrung zur\u00fcck. Ich hatte das grosse Gl\u00fcck, mit vielen beeindruckenden K\u00fcnstlerinnen und K\u00fcnstlern zusammenzuarbeiten und in unterschiedlichsten Formationen zu spielen. Zahlreiche Live Auftritte und Studio Produktionen pr\u00e4gen meinen musikalischen Weg.<\/p>\n\n\n\n<p>Unter anderem war ich Mitglied der Country Rock Band Baton Rouge. Jede Station meiner Laufbahn hat meinen Horizont erweitert und meine Leidenschaft f\u00fcr Musik weiter vertieft.<\/p>\n\n\n\n<p>Musik bedeutet f\u00fcr mich Begegnung, Ausdruck und Energie. Auch nach all den Jahren fasziniert mich das Schlagzeug noch immer genauso wie damals als kleiner Junge mit Pfannendeckeln und Kochl\u00f6ffeln.<\/p>\n\n\n\n<p><\/p>\n","protected":false},"excerpt":{"rendered":"<p>Ich bin\u00a0Max Diggelmann, geboren am 7. Oktober 1966 in Basel. Die Musik begleitet mich, seit ich denken kann. Schon als kleiner Junge wusste ich, dass ich Schlagzeug spielen wollte. Mein Vater war ein bekannter Musiker und Gr\u00fcnder der Band Baranovas. Als Kind war ich regelm\u00e4ssig bei seinen Auftritten dabei und durfte die Welt der B\u00fchne [&hellip;]<\/p>\n","protected":false},"author":1,"featured_media":0,"parent":0,"menu_order":0,"comment_status":"closed","ping_status":"closed","template":"","meta":{"footnotes":""},"class_list":["post-23","page","type-page","status-publish","hentry"],"_links":{"self":[{"href":"https:\/\/studiodrums.ch\/index.php?rest_route=\/wp\/v2\/pages\/23","targetHints":{"allow":["GET"]}}],"collection":[{"href":"https:\/\/studiodrums.ch\/index.php?rest_route=\/wp\/v2\/pages"}],"about":[{"href":"https:\/\/studiodrums.ch\/index.php?rest_route=\/wp\/v2\/types\/page"}],"author":[{"embeddable":true,"href":"https:\/\/studiodrums.ch\/index.php?rest_route=\/wp\/v2\/users\/1"}],"replies":[{"embeddable":true,"href":"https:\/\/studiodrums.ch\/index.php?rest_route=%2Fwp%2Fv2%2Fcomments&post=23"}],"version-history":[{"count":4,"href":"https:\/\/studiodrums.ch\/index.php?rest_route=\/wp\/v2\/pages\/23\/revisions"}],"predecessor-version":[{"id":38,"href":"https:\/\/studiodrums.ch\/index.php?rest_route=\/wp\/v2\/pages\/23\/revisions\/38"}],"wp:attachment":[{"href":"https:\/\/studiodrums.ch\/index.php?rest_route=%2Fwp%2Fv2%2Fmedia&parent=23"}],"curies":[{"name":"wp","href":"https:\/\/api.w.org\/{rel}","templated":true}]}}