{"id":33,"date":"2026-02-15T12:22:28","date_gmt":"2026-02-15T12:22:28","guid":{"rendered":"https:\/\/studiodrums.ch\/?page_id=33"},"modified":"2026-02-15T12:22:28","modified_gmt":"2026-02-15T12:22:28","slug":"service","status":"publish","type":"page","link":"https:\/\/studiodrums.ch\/?page_id=33","title":{"rendered":"SERVICE"},"content":{"rendered":"\n<h2 class=\"wp-block-heading\">Studio und Produktion<\/h2>\n\n\n\n<p>Ich betreibe ein eigenes, vielseitig nutzbares Studio, in dem ich Drum Recordings produziere und die fertigen Mehrspur Files professionell aufbereitet zur Verf\u00fcgung stelle. Die Aufnahmen erfolgen in komfortabler, hochwertiger Qualit\u00e4t und sind optimal f\u00fcr den anschliessenden Mix vorbereitet.<\/p>\n\n\n\n<p>Neben akustischen Schlagzeugaufnahmen arbeite ich auch mit modernen Drum Modulen und hybriden Setups. Dabei produziere und programmiere ich Grooves unter anderem f\u00fcr Hip Hop, moderne Pop Produktionen und elektronische Formate. Rhythmische Konzepte, Beat Entwicklung und Soundgestaltung geh\u00f6ren ebenso zu meinem Arbeitsbereich.<\/p>\n\n\n\n<p>Im Studio k\u00f6nnen ausserdem Gitarren und Gesang aufgenommen werden. Bands haben die M\u00f6glichkeit, gemeinsam ins Studio zu kommen. Ich arbeite flexibel und projektbezogen.<\/p>\n\n\n\n<p>Mixing biete ich nicht selbst an. F\u00fcr den finalen Mix arbeite ich auf Wunsch mit externen Partnerstudios zusammen, um ein qualitativ hochwertiges Endresultat sicherzustellen.<\/p>\n\n\n\n<hr class=\"wp-block-separator has-alpha-channel-opacity\"\/>\n\n\n\n<p>Wenn du m\u00f6chtest, kann ich dir jetzt noch eine Version machen, die etwas markanter und selbstbewusster klingt, ohne \u00fcbertrieben zu wirken.<\/p>\n","protected":false},"excerpt":{"rendered":"<p>Studio und Produktion Ich betreibe ein eigenes, vielseitig nutzbares Studio, in dem ich Drum Recordings produziere und die fertigen Mehrspur Files professionell aufbereitet zur Verf\u00fcgung stelle. Die Aufnahmen erfolgen in komfortabler, hochwertiger Qualit\u00e4t und sind optimal f\u00fcr den anschliessenden Mix vorbereitet. Neben akustischen Schlagzeugaufnahmen arbeite ich auch mit modernen Drum Modulen und hybriden Setups. Dabei [&hellip;]<\/p>\n","protected":false},"author":1,"featured_media":0,"parent":0,"menu_order":0,"comment_status":"closed","ping_status":"closed","template":"","meta":{"footnotes":""},"class_list":["post-33","page","type-page","status-publish","hentry"],"_links":{"self":[{"href":"https:\/\/studiodrums.ch\/index.php?rest_route=\/wp\/v2\/pages\/33","targetHints":{"allow":["GET"]}}],"collection":[{"href":"https:\/\/studiodrums.ch\/index.php?rest_route=\/wp\/v2\/pages"}],"about":[{"href":"https:\/\/studiodrums.ch\/index.php?rest_route=\/wp\/v2\/types\/page"}],"author":[{"embeddable":true,"href":"https:\/\/studiodrums.ch\/index.php?rest_route=\/wp\/v2\/users\/1"}],"replies":[{"embeddable":true,"href":"https:\/\/studiodrums.ch\/index.php?rest_route=%2Fwp%2Fv2%2Fcomments&post=33"}],"version-history":[{"count":2,"href":"https:\/\/studiodrums.ch\/index.php?rest_route=\/wp\/v2\/pages\/33\/revisions"}],"predecessor-version":[{"id":35,"href":"https:\/\/studiodrums.ch\/index.php?rest_route=\/wp\/v2\/pages\/33\/revisions\/35"}],"wp:attachment":[{"href":"https:\/\/studiodrums.ch\/index.php?rest_route=%2Fwp%2Fv2%2Fmedia&parent=33"}],"curies":[{"name":"wp","href":"https:\/\/api.w.org\/{rel}","templated":true}]}}